{"id":1894,"date":"2021-05-19T13:37:01","date_gmt":"2021-05-19T13:37:01","guid":{"rendered":"https:\/\/iloscosmetics.com\/legal-notice\/"},"modified":"2024-10-21T08:29:32","modified_gmt":"2024-10-21T08:29:32","slug":"legal-notice","status":"publish","type":"page","link":"https:\/\/iloscosmetics.com\/en\/legal-notice\/","title":{"rendered":"Legal Notice"},"content":{"rendered":"\r\n<div class=\"wp-block-toolset-blocks-container tb-container wrapp\" data-toolset-blocks-container=\"5a9d42de19f377d99b7af98551c45574\">\r\n<div class=\"tb-fields-and-text\" data-toolset-blocks-fields-and-text=\"3e1d2592ce20bdf2bf813c9dfa44c991\">\r\n<h2 style=\"text-align: center;\"><strong>Aviso Legal<\/strong><\/h2>\r\n<p style=\"text-align: justify;\">El presente Aviso Legal y Condiciones de Uso (en adelante, \u201cAviso Legal y Condiciones de Uso\u201d), regulan el acceso y uso del presente portal de Internet: https:\/\/iloscosmetics.com (en adelante, \u201cwebsite\u201d).<\/p>\r\n<p style=\"text-align: justify;\">En cumplimiento de lo dispuesto en la Ley 34\/2002, de 11 de julio, de servicios de la sociedad de la informaci\u00f3n y de comercio electr\u00f3nico, le informamos que la presente p\u00e1gina web es titularidad de \u201cEG ACTIVE COSMETICS\u201d (en adelante, \u201cEG\u201d), sociedad de nacionalidad espa\u00f1ola, provista de CIF B-64496979.<\/p>\r\n<ul>\r\n<li>Direcci\u00f3n: Avenida Diagonal, 539, 4\u00ba 1\u00aa (08029 \u2013 Barcelona)<\/li>\r\n<li style=\"text-align: justify;\">Mail: <a href=\"mailto:info@iloscosmetics.com\">info@iloscosmetics.com<\/a><\/li>\r\n<\/ul>\r\n<p style=\"text-align: justify;\">Aceptaci\u00f3n.- La navegaci\u00f3n, as\u00ed como el simple acceso al website y\/o la mera utilizaci\u00f3n de los servicios ofrecidos a trav\u00e9s del mismo atribuyen la condici\u00f3n de usuario de dicha p\u00e1gina web (en adelante, \u201cusuario\u201d) e implican la aceptaci\u00f3n plena y sin reservas de las condiciones incluidas en el presente Aviso Legal y Condiciones de Uso, en la versi\u00f3n publicada por EG en el momento mismo en que el usuario acceda al website.<\/p>\r\n<p style=\"text-align: justify;\">EG se reserva la facultad de modificar unilateralmente, en cualquier momento y sin necesidad de previo aviso, las cl\u00e1usulas del presente Aviso Legal y Condiciones de Uso, as\u00ed como la configuraci\u00f3n y, en general, cualquier otro contenido o servicio de su p\u00e1gina web. La utilizaci\u00f3n de los servicios y\/o el simple acceso a la p\u00e1gina web, supondr\u00e1 la aceptaci\u00f3n de cualquier modificaci\u00f3n introducida. Por ello, EG recomienda consultar peri\u00f3dicamente el presente documento, as\u00ed como sus posteriores modificaciones.<\/p>\r\n<p style=\"text-align: justify;\">Asimismo, la utilizaci\u00f3n del website se encuentra sometida a todos los avisos legales, reglamentos de uso, t\u00e9rminos y condiciones, o instrucciones puestos en conocimiento del usuario a trav\u00e9s del presente website y que sustituyen, completan y\/o modifican el presente Aviso Legal.<\/p>\r\n<p style=\"text-align: justify;\">Uso del Sitio Web.- Salvo que se disponga otra cosa, el uso del website tendr\u00e1 car\u00e1cter gratuito, sin perjuicio del coste de conexi\u00f3n a trav\u00e9s de la correspondiente red de telecomunicaciones para que el usuario tenga acceso. El usuario es consciente y acepta voluntaria y expresamente que el uso del website se realiza en todo caso bajo su \u00fanica y exclusiva responsabilidad. El usuario se compromete a utilizar el website as\u00ed como sus servicios y contenidos sin contravenir la legislaci\u00f3n vigente, la buena fe, los usos generalmente aceptados y el orden p\u00fablico. Asimismo, queda prohibido el uso del website con fines il\u00edcitos o lesivos para EG o cualquier tercero.<\/p>\r\n<p style=\"text-align: justify;\">Durante la utilizaci\u00f3n del website, el usuario se compromete a no llevar a cabo ninguna conducta que pudiera da\u00f1ar la imagen, los intereses y\/o los derechos de EG y\/o terceros o que pudiera da\u00f1ar, inutilizar o sobrecargar el website, o que impidiera de cualquier forma, la normal utilizaci\u00f3n del website, los equipos inform\u00e1ticos o los documentos, archivos y toda clase de contenidos almacenados en cualquier equipo inform\u00e1tico de EG , de otros usuarios o de cualquier otro usuario de Internet (hardware y software).<\/p>\r\n<p style=\"text-align: justify;\">Propiedad intelectual e industrial.- Todos los derechos de propiedad industrial e intelectual, as\u00ed como toda la informaci\u00f3n contenida en el website (im\u00e1genes, marcas, dise\u00f1os gr\u00e1ficos, c\u00f3digo fuente, dise\u00f1o, estructura de navegaci\u00f3n, bases de datos, y cualquier otro contenido que en la misma aparezca) son propiedad exclusiva de EG o, en su caso, est\u00e1n debidamente licenciados por el titular. Las denominaciones de otros productos, servicios y compa\u00f1\u00edas que aparezcan en este documento o en el website pueden ser marcas u otros signos distintivos registrados por sus respectivos y leg\u00edtimos propietarios, sin que pueda entenderse que el acceso o uso al website atribuya al usuario derecho alguno sobre las citadas marcas y los otros signos distintivos registrados.<\/p>\r\n<p style=\"text-align: justify;\">Asimismo, toda la informaci\u00f3n y contenidos del website est\u00e1n protegidos por derechos de autor y la propiedad industrial e intelectual de los mismos pertenece a EG o, en su caso, su uso y explotaci\u00f3n ha sido debidamente autorizado por el titular, sin que puedan entenderse cedidos al usuario, ninguno de los derechos de explotaci\u00f3n relacionados con los mismos m\u00e1s all\u00e1 de lo estrictamente necesario para el correcto uso del website.<\/p>\r\n<p style=\"text-align: justify;\">En el contexto descrito, el usuario queda \u00fanicamente autorizado para visualizar y obtener una copia privada temporal de los contenidos para su exclusivo uso personal y privado en sus sistemas inform\u00e1ticos (software y hardware) y no sean posteriormente cedidos a terceros. Con las salvedades anteriores, quedan expresamente prohibidos al usuario la reproducci\u00f3n, transformaci\u00f3n, distribuci\u00f3n, comunicaci\u00f3n p\u00fablica, puesta a disposici\u00f3n, extracci\u00f3n, reutilizaci\u00f3n, reenv\u00edo o la utilizaci\u00f3n de cualquier naturaleza, por cualquier medio o procedimiento, de cualquiera de ellos, salvo en los casos que est\u00e9 legalmente permitido o sea autorizado de forma expresa y por escrito por EG y\/o el titular de los correspondientes derechos. Con car\u00e1cter enunciativo, pero no limitativo:<\/p>\r\n<ol style=\"text-align: justify;\">\r\n<li>El usuario no se encuentra autorizado para emplear la informaci\u00f3n contenida en el website con la finalidad de desarrollar actividades de car\u00e1cter comercial o profesional (venta directa o con cualquiera otra clase de finalidad comercial, as\u00ed como comercializar en cualquier modo dicha informaci\u00f3n).<\/li>\r\n<li>El usuario no se encuentra autorizado a suprimir, eludir, manipular el \u00abcopyright\u00bb y dem\u00e1s datos identificativos de los derechos de EG, as\u00ed como cualesquiera mecanismos de protecci\u00f3n.<\/li>\r\n<li>El usuario no se encuentra autorizado para desmontar, descompilar o invertir las bases de datos en la que se almacena la informaci\u00f3n del website.<\/li>\r\n<\/ol>\r\n<p style=\"text-align: justify;\">La utilizaci\u00f3n no autorizada de la informaci\u00f3n contenida en este website, su reventa, as\u00ed como la lesi\u00f3n de los derechos de propiedad industrial e intelectual de EG, dar\u00e1 lugar a las responsabilidades legalmente establecidas.<\/p>\r\n<p style=\"text-align: justify;\">Limitaci\u00f3n de responsabilidad.- EG se reserva el derecho a interrumpir el acceso a su p\u00e1gina web, as\u00ed como la prestaci\u00f3n de cualquiera o de todos los contenidos y\/o servicios que se ofrecen a trav\u00e9s de la misma en cualquier momento y sin previo aviso, ya sea por motivos t\u00e9cnicos, de seguridad, de control, de mantenimiento o por cualquier otra causa.<\/p>\r\n<p style=\"text-align: justify;\">En consecuencia, EG no garantiza la fiabilidad, la disponibilidad ni la continuidad de su p\u00e1gina web ni de los contenidos que en ella se ofrecen, por lo que el acceso a dicha web y a sus contenidos por parte del usuario es por su propia cuenta y riesgo.<\/p>\r\n<p style=\"text-align: justify;\">Asimismo, EG no ser\u00e1 responsable por interrupciones temporales del servicio, demoras, errores, mal funcionamiento y, en general, dem\u00e1s inconvenientes que tengan su origen en causas que escapan al control de EG , y\/o se deban a la actuaci\u00f3n dolosa o culposa del usuario y\/o vengan causadas por fuerza mayor.<\/p>\r\n<p style=\"text-align: justify;\">En este sentido, EG se excluye, con toda la extensi\u00f3n permitida por el ordenamiento jur\u00eddico, de cualquier responsabilidad por los da\u00f1os y perjuicios que de toda naturaleza puedan deberse a la falta de disponibilidad o continuidad del funcionamiento del website y\/o los servicios, a la falibilidad del website y\/o de los servicios, a los fallos en el acceso a las distintas p\u00e1ginas web del website o a aquellas desde las que se prestan los servicios.<\/p>\r\n<p style=\"text-align: justify;\">EG adopta medidas de seguridad razonablemente adecuadas para detectar la existencia de virus y\/o malware. No obstante, el usuario debe ser consciente de que las medidas de seguridad de los sistemas inform\u00e1ticos en Internet no son enteramente fiables y que, por tanto, EG no puede garantizar la inexistencia de virus u otros elementos que puedan producir alteraciones en los sistemas inform\u00e1ticos (software y hardware) del usuario o en sus documentos electr\u00f3nicos y ficheros contenidos en los mismos.<\/p>\r\n<p style=\"text-align: justify;\">En este sentido, EG , excluye con toda la extensi\u00f3n permitida por el ordenamiento jur\u00eddico, cualquier responsabilidad por los da\u00f1os y perjuicios de toda naturaleza que puedan deberse a la presencia de virus o de otros elementos en los contenidos del website, que puedan producir alteraciones en el sistema inform\u00e1tico, documentos electr\u00f3nicos y\/o en los ficheros de los usuarios.<\/p>\r\n<p style=\"text-align: justify;\">Por \u00faltimo, EG no asume la responsabilidad de la utilizaci\u00f3n que el usuario realice del contenido del website que pueda suponer una violaci\u00f3n de cualquier tipo de norma, nacional o internacional, de los derechos de propiedad intelectual o industrial o cualquier otro derecho de terceros.<\/p>\r\n<p style=\"text-align: justify;\">Tanto el acceso al website como el uso que pueda hacerse de la informaci\u00f3n contenida en el mismo es de la exclusiva responsabilidad de quien lo realiza. EG no responder\u00e1 de ninguna consecuencia, da\u00f1o o perjuicio, que pudieran derivarse de dicho acceso o uso de la informaci\u00f3n. EG no se hace responsable de los posibles errores de seguridad que se puedan producir ni de los posibles da\u00f1os que puedan causarse al sistema inform\u00e1tico del usuario (hardware y software), los ficheros o documentos almacenados en el mismo, como consecuencia de un mal funcionamiento del navegador o del uso de versiones no actualizadas del mismo.<\/p>\r\n<p style=\"text-align: justify;\">EG no es responsable de los da\u00f1os o perjuicios derivados del uso de los contenidos del website. En especial, EG no responde ni de los contenidos ni del estado de los enlaces o links que contiene este website y que pueden conducir al usuario a otros sitios y p\u00e1ginas web gestionados por terceros. EG no responde ni de los contenidos ni del estado de dichos sitios y p\u00e1ginas web. El acceso a las mismas a trav\u00e9s de este website tampoco implica que EG recomiende o apruebe sus contenidos.<\/p>\r\n<p style=\"text-align: justify;\">Notificaciones.- Todas las notificaciones y comunicaciones (en adelante, \u201cnotificaciones\u201d) por parte del usuario a EG se considerar\u00e1n eficaces, a todos los efectos, cuando se dirijan a la siguiente direcci\u00f3n de correo electr\u00f3nico: info@iloscosmetics.com. Asimismo, todas las notificaciones que realice EG al usuario se considerar\u00e1n v\u00e1lidamente efectuadas si se han realizado empleando los datos y a trav\u00e9s del medio anteriormente se\u00f1alado. A estos efectos, el usuario manifiesta y garantiza que todos los datos facilitados por \u00e9l son ciertos y correctos y que los mantendr\u00e1 debidamente actualizados.<\/p>\r\n<p style=\"text-align: justify;\">La presente p\u00e1gina web ha sido elaborada en todo momento conforme a los principios de la buena fe por EG . No obstante, en caso de que cualquier tercero considere que sus derechos de propiedad intelectual y\/o industrial han sido vulnerados, podr\u00e1 notificarlo mediante comunicaci\u00f3n dirigida al domicilio de EG indicado anteriormente.<\/p>\r\n<p style=\"text-align: justify;\">Retirada y suspensi\u00f3n del servicio.- EG podr\u00e1 retirar o suspender en cualquier momento y sin necesidad de aviso previo los productos y\/o sercvicios ofertados a trav\u00e9s del website a aquellos usuarios que incumplan lo establecido en el presente Aviso Legal y Condiciones de Uso.<\/p>\r\n<p style=\"text-align: justify;\">Duraci\u00f3n y terminaci\u00f3n.- La existencia del website, as\u00ed como la prestaci\u00f3n de los servicios ofertados en el mismo tiene, en principio, una duraci\u00f3n indefinida. No obstante, EG est\u00e1 legitimada para dar por terminada o suspender la prestaci\u00f3n de los referidos servicios y cancelar el website en cualquier momento, sin perjuicio de lo que se hubiese dispuesto al respecto en los correspondientes T\u00e9rminos y Condiciones. Cuando ello sea razonablemente posible, EG advertir\u00e1 previamente a los usuarios sobre la terminaci\u00f3n o suspensi\u00f3n del website as\u00ed como, en su caso, de los productos y\/o servicios ofertados en el mismo.<\/p>\r\n<p style=\"text-align: justify;\">Ley aplicable y jurisdicci\u00f3n.- Toda cuesti\u00f3n litigiosa relacionada con la utilizaci\u00f3n del presente website estar\u00e1 sometida a la legislaci\u00f3n espa\u00f1ola, siendo competentes para la resoluci\u00f3n de cuantas cuestiones pudieran suscitarse o acciones ejercitarse derivadas de la prestaci\u00f3n de los servicios y\/o contenidos del website, as\u00ed como sobre la interpretaci\u00f3n, aplicaci\u00f3n, cumplimiento y\/o incumplimiento de lo aqu\u00ed establecido, los Juzgados y Tribunales de la ciudad de Barcelona (Espa\u00f1a), salvo que mediante norma imperativa se establezca otro fuero distinto.<\/p>\r\n<p style=\"text-align: justify;\">El presente Aviso Legal y Condiciones de Uso de la p\u00e1gina web: https:\/\/iloscosmetics.com, se encuentran actualizados a fecha, 21de Octubre de 2024.<\/p>\r\n<p style=\"text-align: justify;\">\u200b<\/p>\r\n<p style=\"text-align: justify;\">\u00a9 2024 \u2013 EG ACTIVE COSMETICS. \u2013 Prohibida su reproducci\u00f3n total o parcial. Reservados todos los derechos.<\/p>\r\n<\/div>\r\n<\/div>\r\n\r\n\r\n\r\n<p>&nbsp;<\/p>\r\n","protected":false},"excerpt":{"rendered":"<p>&nbsp;<\/p>\n","protected":false},"author":1,"featured_media":0,"parent":0,"menu_order":0,"comment_status":"closed","ping_status":"closed","template":"","meta":{"footnotes":""},"class_list":["post-1894","page","type-page","status-publish","hentry"],"yoast_head":"<!-- This site is optimized with the Yoast SEO plugin v27.3 - https:\/\/yoast.com\/product\/yoast-seo-wordpress\/ -->\n<title>Legal Notice - Ilos Cosmetics<\/title>\n<meta name=\"robots\" content=\"noindex, follow\" \/>\n<meta property=\"og:locale\" content=\"en_US\" \/>\n<meta property=\"og:type\" content=\"article\" \/>\n<meta property=\"og:title\" content=\"Legal Notice - Ilos Cosmetics\" \/>\n<meta property=\"og:description\" content=\"&nbsp;\" \/>\n<meta property=\"og:url\" content=\"https:\/\/iloscosmetics.com\/en\/legal-notice\/\" \/>\n<meta property=\"og:site_name\" content=\"Ilos Cosmetics\" \/>\n<meta property=\"article:modified_time\" content=\"2024-10-21T08:29:32+00:00\" \/>\n<meta name=\"twitter:card\" content=\"summary_large_image\" \/>\n<meta name=\"twitter:label1\" content=\"Est. reading time\" \/>\n\t<meta name=\"twitter:data1\" content=\"9 minutes\" \/>\n<script type=\"application\/ld+json\" class=\"yoast-schema-graph\">{\"@context\":\"https:\\\/\\\/schema.org\",\"@graph\":[{\"@type\":\"WebPage\",\"@id\":\"https:\\\/\\\/iloscosmetics.com\\\/en\\\/legal-notice\\\/\",\"url\":\"https:\\\/\\\/iloscosmetics.com\\\/en\\\/legal-notice\\\/\",\"name\":\"Legal Notice - Ilos Cosmetics\",\"isPartOf\":{\"@id\":\"https:\\\/\\\/iloscosmetics.com\\\/#website\"},\"datePublished\":\"2021-05-19T13:37:01+00:00\",\"dateModified\":\"2024-10-21T08:29:32+00:00\",\"breadcrumb\":{\"@id\":\"https:\\\/\\\/iloscosmetics.com\\\/en\\\/legal-notice\\\/#breadcrumb\"},\"inLanguage\":\"en-US\",\"potentialAction\":[{\"@type\":\"ReadAction\",\"target\":[\"https:\\\/\\\/iloscosmetics.com\\\/en\\\/legal-notice\\\/\"]}]},{\"@type\":\"BreadcrumbList\",\"@id\":\"https:\\\/\\\/iloscosmetics.com\\\/en\\\/legal-notice\\\/#breadcrumb\",\"itemListElement\":[{\"@type\":\"ListItem\",\"position\":1,\"name\":\"Portada\",\"item\":\"https:\\\/\\\/iloscosmetics.com\\\/en\\\/\"},{\"@type\":\"ListItem\",\"position\":2,\"name\":\"Legal Notice\"}]},{\"@type\":\"WebSite\",\"@id\":\"https:\\\/\\\/iloscosmetics.com\\\/#website\",\"url\":\"https:\\\/\\\/iloscosmetics.com\\\/\",\"name\":\"Ilos Cosmetics\",\"description\":\"\",\"potentialAction\":[{\"@type\":\"SearchAction\",\"target\":{\"@type\":\"EntryPoint\",\"urlTemplate\":\"https:\\\/\\\/iloscosmetics.com\\\/?s={search_term_string}\"},\"query-input\":{\"@type\":\"PropertyValueSpecification\",\"valueRequired\":true,\"valueName\":\"search_term_string\"}}],\"inLanguage\":\"en-US\"}]}<\/script>\n<!-- \/ Yoast SEO plugin. -->","yoast_head_json":{"title":"Legal Notice - Ilos Cosmetics","robots":{"index":"noindex","follow":"follow"},"og_locale":"en_US","og_type":"article","og_title":"Legal Notice - Ilos Cosmetics","og_description":"&nbsp;","og_url":"https:\/\/iloscosmetics.com\/en\/legal-notice\/","og_site_name":"Ilos Cosmetics","article_modified_time":"2024-10-21T08:29:32+00:00","twitter_card":"summary_large_image","twitter_misc":{"Est. reading time":"9 minutes"},"schema":{"@context":"https:\/\/schema.org","@graph":[{"@type":"WebPage","@id":"https:\/\/iloscosmetics.com\/en\/legal-notice\/","url":"https:\/\/iloscosmetics.com\/en\/legal-notice\/","name":"Legal Notice - Ilos Cosmetics","isPartOf":{"@id":"https:\/\/iloscosmetics.com\/#website"},"datePublished":"2021-05-19T13:37:01+00:00","dateModified":"2024-10-21T08:29:32+00:00","breadcrumb":{"@id":"https:\/\/iloscosmetics.com\/en\/legal-notice\/#breadcrumb"},"inLanguage":"en-US","potentialAction":[{"@type":"ReadAction","target":["https:\/\/iloscosmetics.com\/en\/legal-notice\/"]}]},{"@type":"BreadcrumbList","@id":"https:\/\/iloscosmetics.com\/en\/legal-notice\/#breadcrumb","itemListElement":[{"@type":"ListItem","position":1,"name":"Portada","item":"https:\/\/iloscosmetics.com\/en\/"},{"@type":"ListItem","position":2,"name":"Legal Notice"}]},{"@type":"WebSite","@id":"https:\/\/iloscosmetics.com\/#website","url":"https:\/\/iloscosmetics.com\/","name":"Ilos Cosmetics","description":"","potentialAction":[{"@type":"SearchAction","target":{"@type":"EntryPoint","urlTemplate":"https:\/\/iloscosmetics.com\/?s={search_term_string}"},"query-input":{"@type":"PropertyValueSpecification","valueRequired":true,"valueName":"search_term_string"}}],"inLanguage":"en-US"}]}},"_links":{"self":[{"href":"https:\/\/iloscosmetics.com\/en\/wp-json\/wp\/v2\/pages\/1894","targetHints":{"allow":["GET"]}}],"collection":[{"href":"https:\/\/iloscosmetics.com\/en\/wp-json\/wp\/v2\/pages"}],"about":[{"href":"https:\/\/iloscosmetics.com\/en\/wp-json\/wp\/v2\/types\/page"}],"author":[{"embeddable":true,"href":"https:\/\/iloscosmetics.com\/en\/wp-json\/wp\/v2\/users\/1"}],"replies":[{"embeddable":true,"href":"https:\/\/iloscosmetics.com\/en\/wp-json\/wp\/v2\/comments?post=1894"}],"version-history":[{"count":3,"href":"https:\/\/iloscosmetics.com\/en\/wp-json\/wp\/v2\/pages\/1894\/revisions"}],"predecessor-version":[{"id":14266,"href":"https:\/\/iloscosmetics.com\/en\/wp-json\/wp\/v2\/pages\/1894\/revisions\/14266"}],"wp:attachment":[{"href":"https:\/\/iloscosmetics.com\/en\/wp-json\/wp\/v2\/media?parent=1894"}],"curies":[{"name":"wp","href":"https:\/\/api.w.org\/{rel}","templated":true}]}}