{"id":1916,"date":"2021-05-20T12:37:59","date_gmt":"2021-05-20T12:37:59","guid":{"rendered":"https:\/\/iloscosmetics.com\/contact-us\/"},"modified":"2022-06-01T09:02:09","modified_gmt":"2022-06-01T09:02:09","slug":"contact-us","status":"publish","type":"page","link":"https:\/\/iloscosmetics.com\/en\/contact-us\/","title":{"rendered":"Contact Us"},"content":{"rendered":"\r\n<section class=\"wp-block-toolset-blocks-container tb-container\" data-toolset-blocks-container=\"ba2480b79efe1635de43a786eb5d7f54\">\r\n<div style=\"margin-top:75px;\"  class=\"tb-fields-and-text wrapp\" data-toolset-blocks-fields-and-text=\"bf68d22076e6a8be870ba6966416732a\">\r\n<h2>CONTACT US BY EMAIL<\/h2>\r\n<p>Our cosmetic specialists will revolve any doubt you might have about our products.<\/p>\r\n<\/div>\r\n<\/section>\r\n\r\n\r\n\r\n<div class=\"wp-block-toolset-blocks-container tb-container\" data-toolset-blocks-container=\"35ba51bad4a1b58aa6c9c809062b47a5\">\r\n<div class=\"wp-block-toolset-cred-form wrapp\"><form  id=\"cred_form_1923_1_1\" class=\"cred-form cred-keep-original\" action=\"\/en\/wp-json\/wp\/v2\/pages\/1916?_tt=1776569065\" data-form=\"{&quot;form_id&quot;:&quot;cred_form_1923_1_1&quot;,&quot;use_ajax&quot;:&quot;0&quot;,&quot;wpv_page&quot;:1}\" data-conditionals=\"[]\" method=\"post\">\r\n\r\n\t<div id=\"wpt-form-message-1923\"\n\t\t\t              data-message-single=\"La entrada no se guard\u00f3 debido al siguiente problema:\"\n\t\t\t              data-message-plural=\"La entrada no se guard\u00f3 debido a los siguientes %NN problemas:\"\n\t\t\t              style=\"display:none;\" class=\"wpt-top-form-error wpt-form-error wpt-form-error-wrapper alert alert-danger alert alert-warning\"><\/div>\r\n\r\n\t<div class=\"form-fields\">\r\n              <div class=\"form-group row\">\r\n                  <label>Full name*<\/label>\r\n                  <div class=\"js-wpt-field-items js-wpt-repetitive wpt-repetitive\" data-initial-conditional=\"\" data-item_name=\"textfield-post_title\">\r\n<input type=\"text\" id=\"cred_form_1923_1_1_post_title\" name=\"post_title\" value=\"\" class=\"form-control wpt-form-textfield form-textfield textfield\" output=\"bootstrap\" preset_value=\"\" urlparam=\"\" value_escape=\"\" make_readonly=\"\" placeholder=\"\" select_text=\"\" data-wpt-validate=\"{&quot;required&quot;:{&quot;args&quot;:{&quot;1&quot;:true},&quot;message&quot;:&quot;Obligatory field &quot;}}\" data-wpt-field-title=\"Solicitud Title\" data-parsley-required=\"true\" data-parsley-required-message=\"Obligatory field \" data-parsley-credfilesize=\"67108864\" data-wpt-type=\"textfield\" data-wpt-id=\"cred_form_1923_1_1_cred_form_1923_1_1_post_title\" data-wpt-name=\"post_title\" \/>\r\n<\/div>\r\n              <\/div>\r\n\r\n              <div class=\"form-group col\">\r\n                  <label>Country*<\/label>\r\n                  <div class=\"js-wpt-field-items js-wpt-repetitive wpt-repetitive\" data-initial-conditional=\"\" data-item_name=\"textfield-wpcf-std-pais\">\r\n<input type=\"text\" id=\"cred_form_1923_1_1_std-pais\" name=\"wpcf-std-pais\" value=\"\" class=\"form-control wpt-form-textfield form-textfield textfield\" output=\"bootstrap\" preset_value=\"\" urlparam=\"\" preview=\"\" previewsize=\"\" select_label=\"\" edit_label=\"\" value_escape=\"\" make_readonly=\"\" placeholder=\"\" select_text=\"\" data-wpt-validate=\"{&quot;required&quot;:{&quot;args&quot;:{&quot;1&quot;:true},&quot;message&quot;:&quot;Campo obligatorio&quot;}}\" data-wpt-field-title=\"Country\" data-parsley-required=\"true\" data-parsley-required-message=\"Campo obligatorio\" data-parsley-credfilesize=\"67108864\" data-wpt-type=\"textfield\" data-wpt-id=\"cred_form_1923_1_1_cred_form_1923_1_1_std-pais\" data-wpt-name=\"wpcf-std-pais\" \/>\r\n<\/div>\r\n              <\/div>\r\n              <div class=\"form-group col\">\r\n                  <label>Language*<\/label>\r\n                  <div class=\"js-wpt-field-items js-wpt-repetitive wpt-repetitive\" data-initial-conditional=\"\" data-item_name=\"select-wpcf-std-idioma\">\r\n<select id=\"cred_form_1923_1_1_std-idioma\"  class=\"form-control wpt-form-select form-select select\" output=\"bootstrap\" preset_value=\"\" urlparam=\"\" preview=\"\" previewsize=\"\" select_label=\"\" edit_label=\"\" value_escape=\"\" make_readonly=\"\" placeholder=\"\" select_text=\"\" data-wpt-validate=\"{&quot;required&quot;:{&quot;args&quot;:{&quot;1&quot;:true},&quot;message&quot;:&quot;Campo obligatorio&quot;}}\" data-wpt-field-title=\"Idioma\" data-parsley-required=\"true\" data-parsley-required-message=\"Campo obligatorio\" data-parsley-credfilesize=\"67108864\" data-wpt-type=\"select\" name=\"wpcf-std-idioma\">\r\n<option value=\"1\" class=\"wpt-form-option form-option option\" data-wpt-type=\"option\" data-wpt-id=\"cred_form_1923_1_1_cred_form_1923_1_1_std-idioma\" data-wpt-name=\"wpcf-std-idioma\" selected=\"selected\">Spanish<\/option>\r\n<option value=\"2\" class=\"wpt-form-option form-option option\" data-wpt-type=\"option\" data-wpt-id=\"cred_form_1923_1_1_cred_form_1923_1_1_std-idioma\" data-wpt-name=\"wpcf-std-idioma\">Inglish<\/option>\r\n<\/select>\n<\/div>\r\n              <\/div>\r\n              <div class=\"form-group col\">\r\n                  <label>Email*<\/label>\r\n                  <div class=\"js-wpt-field-items js-wpt-repetitive wpt-repetitive\" data-initial-conditional=\"\" data-item_name=\"email-wpcf-std-email\">\r\n<input type=\"text\" id=\"cred_form_1923_1_1_std-email\" name=\"wpcf-std-email\" value=\"\" class=\"form-control wpt-form-textfield form-textfield textfield\" output=\"bootstrap\" preset_value=\"\" urlparam=\"\" preview=\"\" previewsize=\"\" select_label=\"\" edit_label=\"\" value_escape=\"\" make_readonly=\"\" placeholder=\"\" select_text=\"\" data-wpt-validate=\"{&quot;required&quot;:{&quot;args&quot;:{&quot;1&quot;:true},&quot;message&quot;:&quot;Campo obligatorio&quot;},&quot;email&quot;:{&quot;args&quot;:{&quot;1&quot;:true},&quot;message&quot;:&quot;Introduzca una direcci\u00f3n de correo electr\u00f3nico v\u00e1lida.&quot;}}\" data-wpt-field-title=\"Email\" data-parsley-required=\"true\" data-parsley-required-message=\"Campo obligatorio\" data-parsley-credfilesize=\"67108864\" data-parsley-type=\"email\" data-parsley-error-message=\"Introduzca una direcci\u00f3n de correo electr\u00f3nico v\u00e1lida.\" data-wpt-type=\"textfield\" data-wpt-id=\"cred_form_1923_1_1_cred_form_1923_1_1_std-email\" data-wpt-name=\"wpcf-std-email\" \/>\r\n<\/div>\r\n              <\/div>\r\n              <div class=\"form-group col\">\r\n                  <label>Phone*<\/label>\r\n                  <div class=\"js-wpt-field-items js-wpt-repetitive wpt-repetitive\" data-initial-conditional=\"\" data-item_name=\"phone-wpcf-std-telefono\">\r\n<input type=\"text\" id=\"cred_form_1923_1_1_std-telefono\" name=\"wpcf-std-telefono\" value=\"\" class=\"form-control wpt-form-textfield form-textfield textfield\" output=\"bootstrap\" preset_value=\"\" urlparam=\"\" preview=\"\" previewsize=\"\" select_label=\"\" edit_label=\"\" value_escape=\"\" make_readonly=\"\" placeholder=\"\" select_text=\"\" data-wpt-validate=\"{&quot;required&quot;:{&quot;args&quot;:{&quot;1&quot;:true},&quot;message&quot;:&quot;Campo obligatorio&quot;}}\" data-wpt-field-title=\"Tel\u00e9fono\" data-parsley-required=\"true\" data-parsley-required-message=\"Campo obligatorio\" data-parsley-credfilesize=\"67108864\" data-wpt-type=\"textfield\" data-wpt-id=\"cred_form_1923_1_1_cred_form_1923_1_1_std-telefono\" data-wpt-name=\"wpcf-std-telefono\" \/>\r\n<\/div>\r\n              <\/div>\r\n\r\n              <div class=\"form-group row\">\r\n                  <label>Content of your Request *<\/label>\r\n                  <div class=\"js-wpt-field-items js-wpt-repetitive wpt-repetitive\" data-initial-conditional=\"\" data-item_name=\"textarea-post_content\">\r\n<textarea id=\"cred_form_1923_1_1_post_content\" name=\"post_content\" class=\" wpt-form-textarea form-textarea textarea\" preset_value=\"\" cred_generic=\"1\" placeholder=\"\" preview=\"\" previewsize=\"\" urlparam=\"\" data-wpt-validate=\"{&quot;required&quot;:{&quot;args&quot;:{&quot;1&quot;:true},&quot;message&quot;:&quot;Obligatory field &quot;}}\" data-wpt-field-title=\"post_content\" data-parsley-required=\"true\" data-parsley-required-message=\"Obligatory field \" data-parsley-credfilesize=\"67108864\" rows=\"5\" cols=\"1\" data-wpt-type=\"textarea\" data-wpt-id=\"cred_form_1923_1_1_cred_form_1923_1_1_post_content\" data-wpt-name=\"post_content\"><\/textarea>\r\n\r\n<\/div>\r\n              <\/div>\r\n      \r\n\t<\/div>\r\n\r\n\r\n    <div class=\"form-actions\">\r\n      \r\n              <div class=\"form-group row\"> \t\r\n\t\t\t\t<div class=\"js-wpt-field-items js-wpt-repetitive wpt-repetitive\" data-initial-conditional=\"\" data-item_name=\"recaptcha-recaptcha\"><div id=\"recaptcha_cred_form_1923_1_1_recaptcha\" class=\"g-recaptcha\" data-sitekey=\"6LcvGDkjAAAAADkbP0ndzmYMMbmjW1dd25ieTf6G\"><\/div><div class=\"recaptcha_error\" style=\"color:#aa0000;display:none;\">Please validate reCAPTCHA<\/div>\r\n\r\n<input type=\"text\" id=\"cred_form_1923_1_1__recaptcha\" name=\"_recaptcha\" value=\"\" style=\"display:none;\" class=\"wpt-form-textfield form-textfield textfield\" data-wpt-type=\"textfield\" data-wpt-id=\"cred_form_1923_1_1_cred_form_1923_1_1__recaptcha\" data-wpt-name=\"_recaptcha\" \/>\r\n<\/div>\r\n      \t\t <\/div>\r\n      \r\n              <div class=\"form-group row accept-terms\">\r\n\t\t\t\t<div class=\"js-wpt-field-items js-wpt-repetitive wpt-repetitive\" data-initial-conditional=\"\" data-item_name=\"checkbox-wpcf-std_accept_terms\"><ul class=\"wpt-form-set wpt-form-set-checkboxes wpt-form-set-checkboxes-wpcf-checkboxes-field\"><li class=\"wpt-form-item wpt-form-item-checkbox checkbox\"><label class=\"wpt-form-label wpt-form-checkbox-label\" for=\"wpcf-std_accept_terms\">\r\n<input type=\"checkbox\" id=\"cred_form_1923_1_1_std_accept_terms\" name=\"wpcf-std_accept_terms\" data-wpt-type=\"checkbox\" data-wpt-id=\"cred_form_1923_1_1_cred_form_1923_1_1_std_accept_terms\" data-wpt-name=\"wpcf-std_accept_terms\" value=\"Si\" class=\"form-control wpt-form-checkbox form-checkbox checkbox\" output=\"bootstrap\" preset_value=\"\" urlparam=\"\" preview=\"\" previewsize=\"\" select_label=\"\" edit_label=\"\" value_escape=\"\" make_readonly=\"\" placeholder=\"\" select_text=\"\" data-wpt-validate=\"{&quot;required&quot;:{&quot;args&quot;:{&quot;1&quot;:true},&quot;message&quot;:&quot;Campo obligatorio&quot;}}\" data-wpt-field-title=\"Acceptance of terms:\" data-parsley-required=\"true\" data-parsley-required-message=\"Campo obligatorio\" data-parsley-credfilesize=\"67108864\" \/>\r\nAcceptance of terms:<\/label><\/li><\/ul><input type=\"hidden\" name=\"_wptoolset_checkbox[cred_form_1923_1_1_wpcf-std_accept_terms]\" value=\"1\" \/>\r\n\r\n<\/div>\r\n                I have read the note on Privacy policy and I declare that I permit such data processing by the entity\r\nILOS Cosmetics following the pre-established terms in such Privacy Policy to answer my\r\napplication.\r\n      \t\t <\/div>\r\n      \r\n              <div class=\"form-group row\"> \t\r\n                    <input type=\"submit\" id=\"cred_form_1923_1_1_form_submit_1\" name=\"form_submit_1\" value=\"SEND\" class=\"btn btn-primary btn-lg wpt-form-submit form-submit submit\" \/>\r\n      \t\t <\/div>\r\n      \r\n      \r\n    <\/div>\r\n\r\n<input type=\"hidden\" id=\"cred_form_1923_1_1__cred_cred_prefix_post_id\" name=\"_cred_cred_prefix_post_id\" value=\"18394\" class=\"wpt-form-hidden form-hidden\" data-wpt-id=\"cred_form_1923_1_1_cred_form_1923_1_1__cred_cred_prefix_post_id\" data-wpt-name=\"_cred_cred_prefix_post_id\" \/><input type=\"hidden\" id=\"cred_form_1923_1_1__cred_cred_prefix_cred_container_id\" name=\"_cred_cred_prefix_cred_container_id\" value=\"1916\" class=\"wpt-form-hidden form-hidden\" data-wpt-id=\"cred_form_1923_1_1_cred_form_1923_1_1__cred_cred_prefix_cred_container_id\" data-wpt-name=\"_cred_cred_prefix_cred_container_id\" \/><input type=\"hidden\" id=\"cred_form_1923_1_1__cred_cred_prefix_form_id\" name=\"_cred_cred_prefix_form_id\" value=\"1923\" class=\"wpt-form-hidden form-hidden\" data-wpt-id=\"cred_form_1923_1_1_cred_form_1923_1_1__cred_cred_prefix_form_id\" data-wpt-name=\"_cred_cred_prefix_form_id\" \/><input type=\"hidden\" id=\"cred_form_1923_1_1__cred_cred_prefix_form_count\" name=\"_cred_cred_prefix_form_count\" value=\"1\" class=\"wpt-form-hidden form-hidden\" data-wpt-id=\"cred_form_1923_1_1_cred_form_1923_1_1__cred_cred_prefix_form_count\" data-wpt-name=\"_cred_cred_prefix_form_count\" \/><\/form><\/div>\r\n<\/div>\r\n\r\n\r\n\r\n<p>&nbsp;<\/p>\r\n","protected":false},"excerpt":{"rendered":"<p>&nbsp;<\/p>\n","protected":false},"author":1,"featured_media":0,"parent":0,"menu_order":0,"comment_status":"closed","ping_status":"closed","template":"","meta":{"footnotes":""},"class_list":["post-1916","page","type-page","status-publish","hentry"],"yoast_head":"<!-- This site is optimized with the Yoast SEO plugin v27.3 - https:\/\/yoast.com\/product\/yoast-seo-wordpress\/ -->\n<title>Contact Us - Ilos Cosmetics<\/title>\n<meta name=\"description\" content=\"P\u00f3ngase en contacto. Nuestros especialistas cosm\u00e9ticos le resolver\u00e1n cualquier duda que tenga sobre nuestros productos.\" \/>\n<meta name=\"robots\" content=\"index, follow, max-snippet:-1, max-image-preview:large, max-video-preview:-1\" \/>\n<link rel=\"canonical\" href=\"https:\/\/iloscosmetics.com\/en\/contact-us\/\" \/>\n<meta property=\"og:locale\" content=\"en_US\" \/>\n<meta property=\"og:type\" content=\"article\" \/>\n<meta property=\"og:title\" content=\"Contact Us - Ilos Cosmetics\" \/>\n<meta property=\"og:description\" content=\"P\u00f3ngase en contacto. Nuestros especialistas cosm\u00e9ticos le resolver\u00e1n cualquier duda que tenga sobre nuestros productos.\" \/>\n<meta property=\"og:url\" content=\"https:\/\/iloscosmetics.com\/en\/contact-us\/\" \/>\n<meta property=\"og:site_name\" content=\"Ilos Cosmetics\" \/>\n<meta property=\"article:modified_time\" content=\"2022-06-01T09:02:09+00:00\" \/>\n<meta name=\"twitter:card\" content=\"summary_large_image\" \/>\n<script type=\"application\/ld+json\" class=\"yoast-schema-graph\">{\"@context\":\"https:\\\/\\\/schema.org\",\"@graph\":[{\"@type\":\"WebPage\",\"@id\":\"https:\\\/\\\/iloscosmetics.com\\\/en\\\/contact-us\\\/\",\"url\":\"https:\\\/\\\/iloscosmetics.com\\\/en\\\/contact-us\\\/\",\"name\":\"Contact Us - Ilos Cosmetics\",\"isPartOf\":{\"@id\":\"https:\\\/\\\/iloscosmetics.com\\\/#website\"},\"datePublished\":\"2021-05-20T12:37:59+00:00\",\"dateModified\":\"2022-06-01T09:02:09+00:00\",\"description\":\"P\u00f3ngase en contacto. Nuestros especialistas cosm\u00e9ticos le resolver\u00e1n cualquier duda que tenga sobre nuestros productos.\",\"breadcrumb\":{\"@id\":\"https:\\\/\\\/iloscosmetics.com\\\/en\\\/contact-us\\\/#breadcrumb\"},\"inLanguage\":\"en-US\",\"potentialAction\":[{\"@type\":\"ReadAction\",\"target\":[\"https:\\\/\\\/iloscosmetics.com\\\/en\\\/contact-us\\\/\"]}]},{\"@type\":\"BreadcrumbList\",\"@id\":\"https:\\\/\\\/iloscosmetics.com\\\/en\\\/contact-us\\\/#breadcrumb\",\"itemListElement\":[{\"@type\":\"ListItem\",\"position\":1,\"name\":\"Portada\",\"item\":\"https:\\\/\\\/iloscosmetics.com\\\/en\\\/\"},{\"@type\":\"ListItem\",\"position\":2,\"name\":\"Contact Us\"}]},{\"@type\":\"WebSite\",\"@id\":\"https:\\\/\\\/iloscosmetics.com\\\/#website\",\"url\":\"https:\\\/\\\/iloscosmetics.com\\\/\",\"name\":\"Ilos Cosmetics\",\"description\":\"\",\"potentialAction\":[{\"@type\":\"SearchAction\",\"target\":{\"@type\":\"EntryPoint\",\"urlTemplate\":\"https:\\\/\\\/iloscosmetics.com\\\/?s={search_term_string}\"},\"query-input\":{\"@type\":\"PropertyValueSpecification\",\"valueRequired\":true,\"valueName\":\"search_term_string\"}}],\"inLanguage\":\"en-US\"}]}<\/script>\n<!-- \/ Yoast SEO plugin. -->","yoast_head_json":{"title":"Contact Us - Ilos Cosmetics","description":"P\u00f3ngase en contacto. Nuestros especialistas cosm\u00e9ticos le resolver\u00e1n cualquier duda que tenga sobre nuestros productos.","robots":{"index":"index","follow":"follow","max-snippet":"max-snippet:-1","max-image-preview":"max-image-preview:large","max-video-preview":"max-video-preview:-1"},"canonical":"https:\/\/iloscosmetics.com\/en\/contact-us\/","og_locale":"en_US","og_type":"article","og_title":"Contact Us - Ilos Cosmetics","og_description":"P\u00f3ngase en contacto. Nuestros especialistas cosm\u00e9ticos le resolver\u00e1n cualquier duda que tenga sobre nuestros productos.","og_url":"https:\/\/iloscosmetics.com\/en\/contact-us\/","og_site_name":"Ilos Cosmetics","article_modified_time":"2022-06-01T09:02:09+00:00","twitter_card":"summary_large_image","schema":{"@context":"https:\/\/schema.org","@graph":[{"@type":"WebPage","@id":"https:\/\/iloscosmetics.com\/en\/contact-us\/","url":"https:\/\/iloscosmetics.com\/en\/contact-us\/","name":"Contact Us - Ilos Cosmetics","isPartOf":{"@id":"https:\/\/iloscosmetics.com\/#website"},"datePublished":"2021-05-20T12:37:59+00:00","dateModified":"2022-06-01T09:02:09+00:00","description":"P\u00f3ngase en contacto. Nuestros especialistas cosm\u00e9ticos le resolver\u00e1n cualquier duda que tenga sobre nuestros productos.","breadcrumb":{"@id":"https:\/\/iloscosmetics.com\/en\/contact-us\/#breadcrumb"},"inLanguage":"en-US","potentialAction":[{"@type":"ReadAction","target":["https:\/\/iloscosmetics.com\/en\/contact-us\/"]}]},{"@type":"BreadcrumbList","@id":"https:\/\/iloscosmetics.com\/en\/contact-us\/#breadcrumb","itemListElement":[{"@type":"ListItem","position":1,"name":"Portada","item":"https:\/\/iloscosmetics.com\/en\/"},{"@type":"ListItem","position":2,"name":"Contact Us"}]},{"@type":"WebSite","@id":"https:\/\/iloscosmetics.com\/#website","url":"https:\/\/iloscosmetics.com\/","name":"Ilos Cosmetics","description":"","potentialAction":[{"@type":"SearchAction","target":{"@type":"EntryPoint","urlTemplate":"https:\/\/iloscosmetics.com\/?s={search_term_string}"},"query-input":{"@type":"PropertyValueSpecification","valueRequired":true,"valueName":"search_term_string"}}],"inLanguage":"en-US"}]}},"_links":{"self":[{"href":"https:\/\/iloscosmetics.com\/en\/wp-json\/wp\/v2\/pages\/1916","targetHints":{"allow":["GET"]}}],"collection":[{"href":"https:\/\/iloscosmetics.com\/en\/wp-json\/wp\/v2\/pages"}],"about":[{"href":"https:\/\/iloscosmetics.com\/en\/wp-json\/wp\/v2\/types\/page"}],"author":[{"embeddable":true,"href":"https:\/\/iloscosmetics.com\/en\/wp-json\/wp\/v2\/users\/1"}],"replies":[{"embeddable":true,"href":"https:\/\/iloscosmetics.com\/en\/wp-json\/wp\/v2\/comments?post=1916"}],"version-history":[{"count":0,"href":"https:\/\/iloscosmetics.com\/en\/wp-json\/wp\/v2\/pages\/1916\/revisions"}],"wp:attachment":[{"href":"https:\/\/iloscosmetics.com\/en\/wp-json\/wp\/v2\/media?parent=1916"}],"curies":[{"name":"wp","href":"https:\/\/api.w.org\/{rel}","templated":true}]}}