{"id":1926,"date":"2021-05-20T13:04:47","date_gmt":"2021-05-20T13:04:47","guid":{"rendered":"https:\/\/iloscosmetics.com\/faqs\/"},"modified":"2021-07-14T18:46:51","modified_gmt":"2021-07-14T18:46:51","slug":"faqs","status":"publish","type":"page","link":"https:\/\/iloscosmetics.com\/en\/faqs\/","title":{"rendered":"FAQ&#8217;s"},"content":{"rendered":"\n<div class=\"wp-block-toolset-blocks-container tb-container\" data-toolset-blocks-container=\"ed3832aa6201cbec5b1e5b902dc067e2\"><div class=\"tb-fields-and-text\" data-toolset-blocks-fields-and-text=\"3e1d2592ce20bdf2bf813c9dfa44c991\">\n<h1 style=\"text-align: center;\">Frequent questions <\/h1>\n<\/div>\n<\/div>\n<div class=\"wpv-view-output\" data-toolset-views-view-editor=\"44ea854b58dd5dab2ed33101ab98022b\">\n<div class=\"wp-block-toolset-views-view-editor wpv-gutenberg-view-wrapper-1001\">\n<div id=\"wpv-view-layout-1001\" class=\"js-wpv-view-layout js-wpv-layout-responsive js-wpv-view-layout-1001\" data-viewnumber=\"1001\" data-pagination=\"{&quot;id&quot;:1001,&quot;query&quot;:&quot;normal&quot;,&quot;type&quot;:&quot;disabled&quot;,&quot;effect&quot;:&quot;fade&quot;,&quot;duration&quot;:500,&quot;speed&quot;:5,&quot;pause_on_hover&quot;:&quot;disabled&quot;,&quot;stop_rollover&quot;:&quot;false&quot;,&quot;cache_pages&quot;:&quot;enabled&quot;,&quot;preload_images&quot;:&quot;enabled&quot;,&quot;preload_pages&quot;:&quot;enabled&quot;,&quot;preload_reach&quot;:1,&quot;spinner&quot;:&quot;builtin&quot;,&quot;spinner_image&quot;:&quot;&quot;,&quot;callback_next&quot;:&quot;&quot;,&quot;manage_history&quot;:&quot;enabled&quot;,&quot;has_controls_in_form&quot;:&quot;disabled&quot;,&quot;infinite_tolerance&quot;:0,&quot;max_pages&quot;:0,&quot;page&quot;:1,&quot;base_permalink&quot;:&quot;\/en\/wp-json\/wp\/v2\/pages\/1926?wpv_view_count=1001&amp;wpv_paged=WPV_PAGE_NUM&quot;,&quot;loop&quot;:{&quot;type&quot;:&quot;&quot;,&quot;name&quot;:&quot;&quot;,&quot;data&quot;:[],&quot;id&quot;:0}}\" data-permalink=\"\/en\/wp-json\/wp\/v2\/pages\/1926?wpv_view_count=1001\">\n\n\t\n\t\n      <div class=\"faqs faq-list\">\n          \n              <div class=\"faq\">\n                <div class=\"faq-title question\">\n                  <h3>MY ORDER<\/h3>\n                   <div class=\"action\">\n                     <div class=\"show\">\ud83e\udc3b<\/div>\n                     <div class=\"hide\">\ud83e\udc39<\/div>\n                   <\/div>\n                <\/div>\n                <div class=\"faq-content answer\"><details style=\"text-align: justify;\">\n<summary>1.How to place your order?<\/summary>\n<p>Chose the items you wish to purchase by clicking on \u201cAdd to your basket\u201d. You can keep browsing<br \/>\nor go straight to the button you\u2019ll find in the top right corner of your screen (Basket) to confirm your<br \/>\npurchase and proceed with your payment.<\/p>\n<\/details>\n<details style=\"text-align: justify;\">\n<summary>2. Why can\u2019t you add certain items to your basket?<\/summary>\n<p>It could be that the product is out of stock. Usually, a little pop up will let you know when one of our products is out of stock and will ask for your email so we can notify you when we have some more available. We will do everything in our hands to keep our stocks in full capacity as often as possible.<\/p>\n<\/details>\n<details style=\"text-align: justify;\">\n<summary>3. How do I know my order has been registered?<\/summary>\n<p>Once your order and payment have been processed, these will be validated. After this validation, we will notify you via email confirming the order. In a 24h window (At most) you should receive your email, if that\u2019s not the case, please get in contact with our <a href=\"https:\/\/iloscosmetics.com\/contact-us\/?lang=en\">Customer Service<\/a>.<\/p>\n<\/details>\n<details style=\"text-align: justify;\">\n<summary>4. How to track my order?<\/summary>\n<p>Once your order has been prepared and issued, you\u2019ll receive an email with the confirmation andyour tracking number so you can follow up on all the steps your package will go through.<\/p>\n<\/details>\n<details style=\"text-align: justify;\">\n<summary>5. How to cancel or modify my order?<\/summary>\n<p>Before you confirm your payment, you can modify or cancel your order. If your payment has<br \/>\nalready been processed and you wish to cancel it, you won\u2019t be able to do so through the web site.<br \/>\nYou will have to access our return policy and follow the specified procedure to get your orders full<br \/>\nor partial refund.<\/p>\n<\/details>\n<details style=\"text-align: justify;\">\n<summary>6. How to apply a discount code?<\/summary>\n<p>If you have a valid promotional code at your disposal you will be able to use it in your purchase<br \/>\nbasket in the \u201cApply Code\u201d box so it can be validated. The discount will be applied straight into<br \/>\nyour basket.<\/p>\n<\/details>\n<details style=\"text-align: justify;\">\n<summary>7. Why doesn\u2019t my discount code work?<\/summary>\n<p>Discount codes are not always active, make sure to double-check if your promotional code is still valid. If that\u2019s the case, type in the discount code again making sure it&#8217;s typed in correctly, pay special attention to the use of capital letters. If you have followed all the previous steps carefully and it\u2019s still not working, please get in touch with Customer Service and we\u2019ll do everything in our<br \/>\nhands to help you.<\/p>\n<\/details>\n<details style=\"text-align: justify;\">\n<summary>8. How can I get a sample?<\/summary>\n<p>All online purchases you do through our web site will come with a little gift.<\/p>\n<\/details>\n<details style=\"text-align: justify;\">\n<summary>9. How long does it take to get an order ready to ship?<\/summary>\n<p>The package will take usually about 48h after your purchase to get validated and ready to ship.*As long as no major causes are slowing down the process. In which case you would be notified via email.<br \/>\n<\/details>\n<details style=\"text-align: justify;\">\n<summary>10. Can\u2019t find an answer to your question?<\/summary>\n<p>Please find our \u201c<a href=\"https:\/\/iloscosmetics.com\/contact-us\/?lang=en\">Contact us<\/a>\u201d box located at the bottom of the website so that we can help you solve<br \/>\nany question you might have during the process.<\/p>\n<\/details>\n<\/div>\n              <\/div>\n          \n              <div class=\"faq\">\n                <div class=\"faq-title question\">\n                  <h3>MY DELIVERIES<\/h3>\n                   <div class=\"action\">\n                     <div class=\"show\">\ud83e\udc3b<\/div>\n                     <div class=\"hide\">\ud83e\udc39<\/div>\n                   <\/div>\n                <\/div>\n                <div class=\"faq-content answer\"><details style=\"text-align: justify;\">\n<summary>1. What are the different kinds of shipping and their rates?<\/summary>\n<p>We ship direct to your home, you can find an approximate date of delivery in the email that will be<br \/>\nsent to you when your package has been shipped.<br \/>\nThere are no shipping extra costs in purchases above 50\u20ac. If your purchase is below 50\u20ac the<br \/>\nshipping costs will be 3\u20ac (Within the peninsula).*<br \/>\n*These rates might change and therefore, the price showed is approximate. The definitive cost will<br \/>\nshow in your basket.<br \/>\nThe rates for the Balearic Islands, Canary Islands and the rest of Europe will have different shipping costs depending on the destination.<\/p>\n<\/details>\n<details style=\"text-align: justify;\">\n<summary>2.Can I establish my specific delivery schedule?<\/summary>\n<p>Unfortunately, we cannot procure for specific delivery schedule for each delivery. We\u2019re working on it so our customers can have a more enjoyable online experience.<\/p>\n<\/details>\n<details style=\"text-align: justify;\">\n<summary>3. What if I\u2019m not at home when my package is being delivered?<\/summary>\n<p>You can access at all times your tracking number to check the location \u201cen route\u201d of your package.<br \/>\nIf you\u2019re not at home when your package is being delivered, you\u2019ll be contacted by the delivery company on your phone to re-schedule a more suitable date for your delivery.<br \/>\nIf you don\u2019t find yourself at home for the second attempt, the package will be sent back to our facilities.<\/p>\n<\/details>\n<details style=\"text-align: justify;\">\n<summary>4. What if I\u2019ve made a mistake writing the delivery address?<\/summary>\n<p>For a faster and more precise delivery process, we don\u2019t allow any changes in the delivery address<br \/>\nonce the order has been processed. If you would like to make any modification to the address<br \/>\nyou\u2019ve written, please don\u2019t hesitate to <a href=\"https:\/\/iloscosmetics.com\/contact-us\/?lang=en\">contact our customer service.<\/a><\/p>\n<\/details>\n<details style=\"text-align: justify;\">\n<summary>5. Can\u2019t find an answer to your question?<\/summary>\n<p>Please reach us through the \u201c<a href=\"https:\/\/iloscosmetics.com\/contact-us\/?lang=en\">contact us<\/a>\u201d form you will find at the bottom part of our web site. We<br \/>\nwill do our best to help resolve any inquiry you might have.<\/p>\n<\/details>\n<\/div>\n              <\/div>\n          \n              <div class=\"faq\">\n                <div class=\"faq-title question\">\n                  <h3>MY ACCOUNT<\/h3>\n                   <div class=\"action\">\n                     <div class=\"show\">\ud83e\udc3b<\/div>\n                     <div class=\"hide\">\ud83e\udc39<\/div>\n                   <\/div>\n                <\/div>\n                <div class=\"faq-content answer\"><details style=\"text-align: justify;\">\n<summary>1. How is my data being used?<\/summary>\n<p>Your data is strictly confidential to us, under any circumstance will this data be shared or sold to third parties. Your data will be exclusively used to deal with your orders, invoices, deliveries and keep you informed.<br \/>\nYou can access all of this information through our privacy policy.<\/p>\n<\/details>\n<details style=\"text-align: justify;\">\n<summary>2. How can I edit my personal data?<\/summary>\n<p>You can always access your account through the \u201cAccount details\u201d button you\u2019ll find in the start menu. In this headland, you\u2019ll be able to edit all the content related to your personal data, as well as your password and your previously accepted general terms.<\/p>\n<\/details>\n<details style=\"text-align: justify;\">\n<summary>3. How to change my accounts password?<\/summary>\n<p>If you remember your password, but you\u2019d like to change it for whatever reason, access your account and click on the \u201cAccount details\u201d button you\u2019ll find on the start menu. In this headland, you\u2019ll be able to edit your password.<\/p>\n<\/details>\n<details style=\"text-align: justify;\">\n<summary>4. I\u2019ve forgotten my password, what shall I do?<\/summary>\n<p>If you can\u2019t remember your password and therefore can\u2019t access the \u201ccustomer area\u201d, you\u2019ll have to go to your account access and click on \u201cForgot your password?\u201d. Just write down your username and email and in a matter of seconds you\u2019ll receive an email allowing you to change your password.*<br \/>\n*Depending on your email provider this specific email might go straight to spam. If it\u2019s taking longer than expected please check your spam folder. If after a few minutes you don\u2019t get an email please get in touch with Customer Service so we can help you.<\/p>\n<\/details>\n<details style=\"text-align: justify;\">\n<summary>5. Why should I subscribe to the Newsletters?<\/summary>\n<p>We will try and reach you through our newsletters so we can let you know about our most exclusive deals, advice and private sales before anyone else.<\/p>\n<\/details>\n<details style=\"text-align: justify;\">\n<summary>6. Can\u2019t find the answer you\u2019re looking for?<\/summary>\n<p>Access our \u201cContact us\u201d form located at the bottom of our web site so we can help you solve any inquiry that you might experience.<\/p>\n<\/details>\n<\/div>\n              <\/div>\n          \n              <div class=\"faq\">\n                <div class=\"faq-title question\">\n                  <h3>PAYMENTS<\/h3>\n                   <div class=\"action\">\n                     <div class=\"show\">\ud83e\udc3b<\/div>\n                     <div class=\"hide\">\ud83e\udc39<\/div>\n                   <\/div>\n                <\/div>\n                <div class=\"faq-content answer\"><details style=\"text-align: justify;\">\n<summary>1. What are the different payment methods?<\/summary>\n<p>We accept credit card payments (Visa, MasterCard, American Express). Any other payment method which hasn\u2019t been specified on our web site will not be accepted throughout the purchase procedure.<br \/>\nTherefore, a refund will not be accepted as a valid payment method either.<\/p>\n<\/details>\n<details style=\"text-align: justify;\">\n<summary>2. Is it safe to pay by credit card?<\/summary>\n<p>Our whole web sit infrastructure uses Secure Socket Layer (SSL) encryption method. SSL is considered the highest security technology in the market. Your order will be processed in a secure cyber-environment where all of your banking data will not be known nor saved.<\/p>\n<\/details>\n<details style=\"text-align: justify;\">\n<summary>3. Can\u2019t find the answer you\u2019re looking for?<\/summary>\n<p>Access our \u201c<a href=\"https:\/\/iloscosmetics.com\/contact-us\/?lang=en\">Contact us<\/a>\u201d form located at the bottom of our web site so we can help you solve any inquiry that you might experience.<\/p>\n<\/details>\n<\/div>\n              <\/div>\n          \n              <div class=\"faq\">\n                <div class=\"faq-title question\">\n                  <h3>RETURN POLICY<\/h3>\n                   <div class=\"action\">\n                     <div class=\"show\">\ud83e\udc3b<\/div>\n                     <div class=\"hide\">\ud83e\udc39<\/div>\n                   <\/div>\n                <\/div>\n                <div class=\"faq-content answer\"><details style=\"text-align: justify;\">\n<summary>1. How to return an item?<\/summary>\n<p>On our web site, through our \u201cTerms and Conditions\u201d headland you will find all the necessary information to return an item. There you\u2019ll find all the steps you have to follow for a successful<br \/>\nreturn.<\/p>\n<\/details>\n<details style=\"text-align: justify;\">\n<summary>2. Can I return or change an item?<\/summary>\n<p>You can do both as long as you follow all the requirements you\u2019ll find in the Terms and Conditions headland.<\/p>\n<\/details>\n<details style=\"text-align: justify;\">\n<summary>3. Can\u2019t find the answer you\u2019re looking for?<\/summary>\n<p>Access our \u201c<a href=\"https:\/\/iloscosmetics.com\/contact-us\/?lang=en\">Contact us<\/a>\u201d form located at the bottom of our web site so we can help you solve any<br \/>\ninquiry that you might experience.<\/p>\n<\/details>\n<\/div>\n              <\/div>\n          \n      <\/div>  \n\t\n\t\n\t\n<\/div>\n<\/div>\n<\/div>\n<p><\/p>\n","protected":false},"excerpt":{"rendered":"","protected":false},"author":1,"featured_media":0,"parent":0,"menu_order":0,"comment_status":"closed","ping_status":"closed","template":"","meta":{"footnotes":""},"class_list":["post-1926","page","type-page","status-publish","hentry"],"yoast_head":"<!-- This site is optimized with the Yoast SEO plugin v27.3 - https:\/\/yoast.com\/product\/yoast-seo-wordpress\/ -->\n<title>FAQ&#039;s - Ilos Cosmetics<\/title>\n<meta name=\"description\" content=\"Dusecubre c\u00f3mo hacer un pedido, c\u00f3mo son las entregas, las posibilidades de pago y la pol\u00edtica de devoluci\u00f3n de nuestra tienda.\" \/>\n<meta name=\"robots\" content=\"index, follow, max-snippet:-1, max-image-preview:large, max-video-preview:-1\" \/>\n<link rel=\"canonical\" href=\"https:\/\/iloscosmetics.com\/en\/faqs\/\" \/>\n<meta property=\"og:locale\" content=\"en_US\" \/>\n<meta property=\"og:type\" content=\"article\" \/>\n<meta property=\"og:title\" content=\"FAQ&#039;s - Ilos Cosmetics\" \/>\n<meta property=\"og:description\" content=\"Dusecubre c\u00f3mo hacer un pedido, c\u00f3mo son las entregas, las posibilidades de pago y la pol\u00edtica de devoluci\u00f3n de nuestra tienda.\" \/>\n<meta property=\"og:url\" content=\"https:\/\/iloscosmetics.com\/en\/faqs\/\" \/>\n<meta property=\"og:site_name\" content=\"Ilos Cosmetics\" \/>\n<meta property=\"article:modified_time\" content=\"2021-07-14T18:46:51+00:00\" \/>\n<meta name=\"twitter:card\" content=\"summary_large_image\" \/>\n<script type=\"application\/ld+json\" class=\"yoast-schema-graph\">{\"@context\":\"https:\\\/\\\/schema.org\",\"@graph\":[{\"@type\":\"WebPage\",\"@id\":\"https:\\\/\\\/iloscosmetics.com\\\/en\\\/faqs\\\/\",\"url\":\"https:\\\/\\\/iloscosmetics.com\\\/en\\\/faqs\\\/\",\"name\":\"FAQ's - Ilos Cosmetics\",\"isPartOf\":{\"@id\":\"https:\\\/\\\/iloscosmetics.com\\\/#website\"},\"datePublished\":\"2021-05-20T13:04:47+00:00\",\"dateModified\":\"2021-07-14T18:46:51+00:00\",\"description\":\"Dusecubre c\u00f3mo hacer un pedido, c\u00f3mo son las entregas, las posibilidades de pago y la pol\u00edtica de devoluci\u00f3n de nuestra tienda.\",\"breadcrumb\":{\"@id\":\"https:\\\/\\\/iloscosmetics.com\\\/en\\\/faqs\\\/#breadcrumb\"},\"inLanguage\":\"en-US\",\"potentialAction\":[{\"@type\":\"ReadAction\",\"target\":[\"https:\\\/\\\/iloscosmetics.com\\\/en\\\/faqs\\\/\"]}]},{\"@type\":\"BreadcrumbList\",\"@id\":\"https:\\\/\\\/iloscosmetics.com\\\/en\\\/faqs\\\/#breadcrumb\",\"itemListElement\":[{\"@type\":\"ListItem\",\"position\":1,\"name\":\"Portada\",\"item\":\"https:\\\/\\\/iloscosmetics.com\\\/en\\\/\"},{\"@type\":\"ListItem\",\"position\":2,\"name\":\"6\"}]},{\"@type\":\"WebSite\",\"@id\":\"https:\\\/\\\/iloscosmetics.com\\\/#website\",\"url\":\"https:\\\/\\\/iloscosmetics.com\\\/\",\"name\":\"Ilos Cosmetics\",\"description\":\"\",\"potentialAction\":[{\"@type\":\"SearchAction\",\"target\":{\"@type\":\"EntryPoint\",\"urlTemplate\":\"https:\\\/\\\/iloscosmetics.com\\\/?s={search_term_string}\"},\"query-input\":{\"@type\":\"PropertyValueSpecification\",\"valueRequired\":true,\"valueName\":\"search_term_string\"}}],\"inLanguage\":\"en-US\"}]}<\/script>\n<!-- \/ Yoast SEO plugin. -->","yoast_head_json":{"title":"FAQ's - Ilos Cosmetics","description":"Dusecubre c\u00f3mo hacer un pedido, c\u00f3mo son las entregas, las posibilidades de pago y la pol\u00edtica de devoluci\u00f3n de nuestra tienda.","robots":{"index":"index","follow":"follow","max-snippet":"max-snippet:-1","max-image-preview":"max-image-preview:large","max-video-preview":"max-video-preview:-1"},"canonical":"https:\/\/iloscosmetics.com\/en\/faqs\/","og_locale":"en_US","og_type":"article","og_title":"FAQ's - Ilos Cosmetics","og_description":"Dusecubre c\u00f3mo hacer un pedido, c\u00f3mo son las entregas, las posibilidades de pago y la pol\u00edtica de devoluci\u00f3n de nuestra tienda.","og_url":"https:\/\/iloscosmetics.com\/en\/faqs\/","og_site_name":"Ilos Cosmetics","article_modified_time":"2021-07-14T18:46:51+00:00","twitter_card":"summary_large_image","schema":{"@context":"https:\/\/schema.org","@graph":[{"@type":"WebPage","@id":"https:\/\/iloscosmetics.com\/en\/faqs\/","url":"https:\/\/iloscosmetics.com\/en\/faqs\/","name":"FAQ's - Ilos Cosmetics","isPartOf":{"@id":"https:\/\/iloscosmetics.com\/#website"},"datePublished":"2021-05-20T13:04:47+00:00","dateModified":"2021-07-14T18:46:51+00:00","description":"Dusecubre c\u00f3mo hacer un pedido, c\u00f3mo son las entregas, las posibilidades de pago y la pol\u00edtica de devoluci\u00f3n de nuestra tienda.","breadcrumb":{"@id":"https:\/\/iloscosmetics.com\/en\/faqs\/#breadcrumb"},"inLanguage":"en-US","potentialAction":[{"@type":"ReadAction","target":["https:\/\/iloscosmetics.com\/en\/faqs\/"]}]},{"@type":"BreadcrumbList","@id":"https:\/\/iloscosmetics.com\/en\/faqs\/#breadcrumb","itemListElement":[{"@type":"ListItem","position":1,"name":"Portada","item":"https:\/\/iloscosmetics.com\/en\/"},{"@type":"ListItem","position":2,"name":"6"}]},{"@type":"WebSite","@id":"https:\/\/iloscosmetics.com\/#website","url":"https:\/\/iloscosmetics.com\/","name":"Ilos Cosmetics","description":"","potentialAction":[{"@type":"SearchAction","target":{"@type":"EntryPoint","urlTemplate":"https:\/\/iloscosmetics.com\/?s={search_term_string}"},"query-input":{"@type":"PropertyValueSpecification","valueRequired":true,"valueName":"search_term_string"}}],"inLanguage":"en-US"}]}},"_links":{"self":[{"href":"https:\/\/iloscosmetics.com\/en\/wp-json\/wp\/v2\/pages\/1926","targetHints":{"allow":["GET"]}}],"collection":[{"href":"https:\/\/iloscosmetics.com\/en\/wp-json\/wp\/v2\/pages"}],"about":[{"href":"https:\/\/iloscosmetics.com\/en\/wp-json\/wp\/v2\/types\/page"}],"author":[{"embeddable":true,"href":"https:\/\/iloscosmetics.com\/en\/wp-json\/wp\/v2\/users\/1"}],"replies":[{"embeddable":true,"href":"https:\/\/iloscosmetics.com\/en\/wp-json\/wp\/v2\/comments?post=1926"}],"version-history":[{"count":16,"href":"https:\/\/iloscosmetics.com\/en\/wp-json\/wp\/v2\/pages\/1926\/revisions"}],"predecessor-version":[{"id":2622,"href":"https:\/\/iloscosmetics.com\/en\/wp-json\/wp\/v2\/pages\/1926\/revisions\/2622"}],"wp:attachment":[{"href":"https:\/\/iloscosmetics.com\/en\/wp-json\/wp\/v2\/media?parent=1926"}],"curies":[{"name":"wp","href":"https:\/\/api.w.org\/{rel}","templated":true}]}}