{"id":1979,"date":"2021-05-24T14:14:30","date_gmt":"2021-05-24T14:14:30","guid":{"rendered":"https:\/\/iloscosmetics.com\/informacion-legal\/privacy-policy\/"},"modified":"2024-10-21T08:31:24","modified_gmt":"2024-10-21T08:31:24","slug":"privacy-policy","status":"publish","type":"page","link":"https:\/\/iloscosmetics.com\/en\/privacy-policy\/","title":{"rendered":"Privacy Policy"},"content":{"rendered":"\r\n<div class=\"wp-block-toolset-blocks-container tb-container wrapp\" data-toolset-blocks-container=\"5a9d42de19f377d99b7af98551c45574\">\r\n<div class=\"tb-fields-and-text\" data-toolset-blocks-fields-and-text=\"3e1d2592ce20bdf2bf813c9dfa44c991\">\r\n<h2 style=\"text-align: center;\"><strong>Pol\u00edtica de Privacidad<\/strong><\/h2>\r\n<p style=\"text-align: justify;\">La presente Pol\u00edtica de Privacidad describe el tratamiento de sus datos personales realizado por parte de la mercantil, \u201cEG ACTIVE COSMETICS\u201d (en adelante, EG), a trav\u00e9s del portal de Internet: https:\/\/www.iloscosmetic.com (en adelante, el \u00abSitio\u00bb).<\/p>\r\n<p style=\"text-align: justify;\">\u00a0<\/p>\r\n<p style=\"text-align: justify;\"><strong>\u00bfQUI\u00c9N ES EL RESPONSABLE DEL TRATAMIENTO?<\/strong><\/p>\r\n<p style=\"text-align: justify;\">\u00a0<\/p>\r\n<ul style=\"text-align: justify;\">\r\n<li>Identidad: EG ACTIVE COSMETICS<\/li>\r\n<li>CIF: B-64496979<\/li>\r\n<li>Direcci\u00f3n: Avenida Diagonal, 539, 4\u00ba 1\u00aa, 08029, Barcelona (Espa\u00f1a)<\/li>\r\n<li>Correo electr\u00f3nico: <a href=\"mailto:****@******.****\">info@iloscosmetics.com<\/a><\/li>\r\n<li>Sitio Web: www.iloscosmeticss.com<\/li>\r\n<\/ul>\r\n<p style=\"text-align: justify;\">\u00a0<\/p>\r\n<p style=\"text-align: justify;\"><strong>\u00bfQU\u00c9 DATOS PERSONALES TRATAMOS?<\/strong><\/p>\r\n<p style=\"text-align: justify;\">\u00a0<\/p>\r\n<ol style=\"text-align: justify;\">\r\n<li>Datos personales que Usted nos proporciona. Generalmente, la informaci\u00f3n personal que nos facilita (a trav\u00e9s del formulario del Sitio) es la siguiente:<\/li>\r\n<\/ol>\r\n<p style=\"text-align: justify;\">\u00a0<\/p>\r\n<ul style=\"text-align: justify;\">\r\n<li>Informaci\u00f3n de contacto (como nombre, apellidos, domicilio postal, direcci\u00f3n de correo electr\u00f3nico, y n\u00famero de m\u00f3vil u otro n\u00famero de tel\u00e9fono)<\/li>\r\n<li>Fecha de nacimiento<\/li>\r\n<\/ul>\r\n<p style=\"text-align: justify;\">\u00a0<\/p>\r\n<ul style=\"text-align: justify;\">\r\n<li>Nombre de usuario y contrase\u00f1a.<\/li>\r\n<li>Informaci\u00f3n de pago (como el n\u00famero, fecha de caducidad y c\u00f3digo de seguridad de su tarjeta de pago).<\/li>\r\n<li>Informaci\u00f3n de env\u00edo y facturaci\u00f3n (como direcci\u00f3n de entrega, y direcci\u00f3n de facturaci\u00f3n)<\/li>\r\n<li>Historial de compras<\/li>\r\n<li>Preferencias de productos<\/li>\r\n<\/ul>\r\n<p style=\"text-align: justify;\">\u00a0<\/p>\r\n<p style=\"text-align: justify;\">En este mismo sentido, los datos personales anteriormente indicados son obligatorios para atender sus solicitudes, de tal forma que, la negativa a suministrarlos supondr\u00e1 la imposibilidad de poder atender las mismas y, en su caso, llevar a cabo la prestaci\u00f3n de los servicios solicitados.<\/p>\r\n<p style=\"text-align: justify;\">\u00a0<\/p>\r\n<p style=\"text-align: justify;\">En caso de que facilite datos de terceros, manifiesta contar con el consentimiento de los mismos y se compromete a trasladarles la informaci\u00f3n contenida en esta cl\u00e1usula, eximiendo a EG de cualquier responsabilidad. En cualquier caso, EG podr\u00e1 llevar a cabo las verificaciones peri\u00f3dicas para constatar este hecho, adoptando las medidas de diligencia debida que correspondan de conformidad con la normativa aplicable.<\/p>\r\n<p style=\"text-align: justify;\">\u00a0<\/p>\r\n<ol style=\"text-align: justify;\" start=\"2\">\r\n<li>Datos personales que nosotros recogemos: el Sitio utiliza cookies (y\/o tecnolog\u00edas similares) de modo que, en funci\u00f3n de su configuraci\u00f3n de las mismas, EG podr\u00e1 recoger y tratar datos de car\u00e1cter personal.<\/li>\r\n<\/ol>\r\n<p style=\"text-align: justify;\">\u00a0<\/p>\r\n<p style=\"text-align: justify;\">Generalmente, recabamos y almacenamos informaci\u00f3n personal limitada y estad\u00edsticas globales an\u00f3nimas de todos aquellos usuarios que visitan nuestras webs, ya sea porque nos facilita dicha informaci\u00f3n de forma activa o se encuentra simplemente navegando en nuestras webs. La informaci\u00f3n que recabamos incluye la direcci\u00f3n del protocolo de Internet (IP) del dispositivo que est\u00e1 usando, el programa de navegaci\u00f3n que utiliza, su sistema operativo, la fecha y hora del acceso, la direcci\u00f3n de Internet de la web por la que accedi\u00f3 a nuestras webs y tambi\u00e9n informaci\u00f3n sobre c\u00f3mo utiliza nuestras webs.<\/p>\r\n<p style=\"text-align: justify;\">\u00a0<\/p>\r\n<p style=\"text-align: justify;\">Para m\u00e1s informaci\u00f3n sobre el uso y configuraci\u00f3n de cookies (y\/o tecnolog\u00edas similares), por favor consulte nuestra Pol\u00edtica de cookies.<\/p>\r\n<p style=\"text-align: justify;\">\u00a0<\/p>\r\n<p style=\"text-align: justify;\"><strong>\u00bfPARA QU\u00c9 FINALIDADES?<\/strong><\/p>\r\n<p style=\"text-align: justify;\">\u00a0<\/p>\r\n<p style=\"text-align: justify;\">EG tratar\u00e1 sus datos personales para los siguientes fines:<\/p>\r\n<ol style=\"text-align: justify;\">\r\n<li>En caso de que solicite informaci\u00f3n a trav\u00e9s de los formularios facilitados a tal efecto, para procesar y atender su solicitud, as\u00ed como proporcionarle el mejor servicio posible;<\/li>\r\n<li>Enviarle materiales promocionales u otras comunicaciones si as\u00ed lo elige;<\/li>\r\n<li>Proporcionar los productos o servicios que Usted (o su empresa) hayan solicitado, y para gestionar las herramientas de nuestro sitio;<\/li>\r\n<li>Procesar las operaciones de pago con tarjeta y\/o las operaciones con tarjeta de regalo;<\/li>\r\n<li>Crear y gestionar su cuenta online, incluido el acceso a su historial de compras online;<\/li>\r\n<li>Crear un perfil sobre el usuario, basado en la informaci\u00f3n que nos ha proporcionado para adecuar nuestra publicidad a sus intereses, y gestionar la efectividad de nuestros esfuerzos de marketing;<\/li>\r\n<li>Ayudar en la selecci\u00f3n y reposici\u00f3n de productos;<\/li>\r\n<li>Chatear con Usted o responder a sus consultas;<\/li>\r\n<li>Personalizar los anuncios que se le muestran en nuestro sitio y en otros lugares a sus intereses e historial con nosotros, si as\u00ed lo autoriza;<\/li>\r\n<li>Comunicarnos con Usted y administrar su participaci\u00f3n en eventos especiales, concursos, sorteos, programas de fidelidad, encuestas y otras ofertas.<\/li>\r\n<li>Operar y comunicarnos con Usted acerca de nuestras p\u00e1ginas de redes sociales o aplicaciones para m\u00f3vil<\/li>\r\n<li>Cumplimiento de obligaciones legales, incluyendo, sin \u00e1nimo limitativo, la Ley 10\/2010 de Prevenci\u00f3n de blanqueo de capitales;<\/li>\r\n<li>En funci\u00f3n de su configuraci\u00f3n sobre el uso de cookies, para realizar an\u00e1lisis estad\u00edsticos.<\/li>\r\n<\/ol>\r\n<p style=\"text-align: justify;\">\u00a0<\/p>\r\n<p style=\"text-align: justify;\"><strong>LEGITIMACI\u00d3N<\/strong><\/p>\r\n<p style=\"text-align: justify;\">\u00a0<\/p>\r\n<p style=\"text-align: justify;\">Las bases legales para el tratamiento de sus datos personales en funci\u00f3n de las finalidades arriba descritas son las siguientes:<\/p>\r\n<p style=\"text-align: justify;\">\u00a0<\/p>\r\n<ol style=\"text-align: justify;\">\r\n<li>\u200bEs necesaria para cumplir un contrato en que Usted sea parte (procesar el pago, entrega de productos\u2026);<\/li>\r\n<li>En caso de que solicite informaci\u00f3n a trav\u00e9s del formulario de \u201cCont\u00e1ctenos\u201d la ejecuci\u00f3n de la relaci\u00f3n contractual con Usted, o la adopci\u00f3n de medidas precontractuales si a\u00fan no es cliente;<\/li>\r\n<li>Para el cumplimiento de las distintas obligaciones legales que resultan aplicables;<\/li>\r\n<li>En su caso, su consentimiento para realizar an\u00e1lisis estad\u00edsticos, actividades de marketing, actividades de investigaci\u00f3n, an\u00e1lisis de datos, y funciones de administraci\u00f3n interna, procesamiento y ejecuci\u00f3n de reclamaciones judiciales, y para llevar a cabo nuestra actividad empresarial en cumplimiento de todas las leyes aplicables y de nuestras pol\u00edticas.<\/li>\r\n<\/ol>\r\n<p style=\"text-align: justify;\">\u00a0<\/p>\r\n<p style=\"text-align: justify;\"><strong>\u00bfCON QUI\u00c9N COMPARTIMOS SUS DATOS PERSONALES?<\/strong><\/p>\r\n<p style=\"text-align: justify;\">\u00a0<\/p>\r\n<p style=\"text-align: justify;\">Con nuestras filiales a los efectos descritos en la presente Pol\u00edtica de Privacidad. As\u00ed como a los proveedores de servicios que prestan servicios en nuestro nombre, sobre la base de nuestras instrucciones. No autorizamos a estos proveedores de servicios a utilizar ni revelar la informaci\u00f3n, salvo del modo en que sea necesario para prestar los servicios en nuestro nombre o cumplir los requisitos legales.<\/p>\r\n<p style=\"text-align: justify;\">\u00a0<\/p>\r\n<p style=\"text-align: justify;\">Otros terceros con su consentimiento.<\/p>\r\n<p style=\"text-align: justify;\">\u00a0<\/p>\r\n<p style=\"text-align: justify;\">En cualquier caso, sus datos personales no ser\u00e1n transferidos a pa\u00edses localizados fuera de la Uni\u00f3n Europea que no ofrezcan un nivel adecuado o no aporten las garant\u00edas adecuadas de protecci\u00f3n.<\/p>\r\n<p style=\"text-align: justify;\">\u00a0<\/p>\r\n<p style=\"text-align: justify;\">Adicionalmente, podremos comunicar sus datos a las autoridades competentes cuando est\u00e9 contemplado legalmente.<\/p>\r\n<p style=\"text-align: justify;\">\u00a0<\/p>\r\n<p style=\"text-align: justify;\"><strong>\u00bfDURANTE CU\u00c1NTO TIEMPO CONSERVAMOS SUS DATOS?<\/strong><\/p>\r\n<p style=\"text-align: justify;\">\u00a0<\/p>\r\n<p style=\"text-align: justify;\">EG conservar\u00e1 sus datos personales para atender y\/o llevar a cabo los servicios solicitados (siempre que no se solicite su supresi\u00f3n u oposici\u00f3n a trav\u00e9s de los medios indicados en el apartado \u201cSUS DERECHOS\u201d) y los mantendr\u00e1 durante los plazos de prescripci\u00f3n necesarios en funci\u00f3n de la legislaci\u00f3n que, en cada caso, resulte aplicable para atender a futuras responsabilidades.<\/p>\r\n<p style=\"text-align: justify;\">\u00a0<\/p>\r\n<p style=\"text-align: justify;\"><strong>ENLACES<\/strong><\/p>\r\n<p style=\"text-align: justify;\">\u00a0<\/p>\r\n<p style=\"text-align: justify;\">Este Sitio puede incluir, mostrar o desplegar enlaces a otras p\u00e1ginas web para su mayor comodidad e informaci\u00f3n. Dichas p\u00e1ginas web pueden operar independientemente de nosotros. Es posible que estas p\u00e1ginas con enlaces tengan sus propias pol\u00edticas de privacidad, le recomendamos encarecidamente que las leas cuando las visite. En la medida en que cualquier p\u00e1gina web con enlace que visite no sea de nuestra propiedad ni est\u00e9 bajo nuestro control, no somos responsables del contenido de tales sitios web, su uso o sus pr\u00e1cticas de privacidad.<\/p>\r\n<p style=\"text-align: justify;\">\u00a0<\/p>\r\n<p style=\"text-align: justify;\"><strong>SUS DERECHOS<\/strong><\/p>\r\n<p style=\"text-align: justify;\">\u00a0<\/p>\r\n<p style=\"text-align: justify;\">En cualquier momento, podr\u00e1 ejercitar sus derechos de acceso, rectificaci\u00f3n, oposici\u00f3n, supresi\u00f3n (\u201cal olvido\u201d), limitaci\u00f3n del tratamiento o portabilidad de sus datos, por escrito a trav\u00e9s de la direcci\u00f3n de correo electr\u00f3nico: info@iloscosmetics.com. En todo caso, deber\u00e1 acreditar su identidad mediante fotocopia de su DNI, pasaporte o documento an\u00e1logo.<\/p>\r\n<p style=\"text-align: justify;\">\u00a0<\/p>\r\n<p style=\"text-align: justify;\">Atenderemos su solicitud tan pronto como sea posible y, en cualquier caso, dentro del plazo legal establecido. Asimismo, podr\u00e1 retirar su consentimiento en cualquier momento a trav\u00e9s de la direcci\u00f3n de correo electr\u00f3nico: info@iloscosmetics.com, sin que, en ning\u00fan caso, la retirada del mismo condicione garantizarle una correcta gesti\u00f3n de la relaci\u00f3n comercial.<\/p>\r\n<p style=\"text-align: justify;\">\u00a0<\/p>\r\n<p style=\"text-align: justify;\">En el eventual supuesto de que incumplamos nuestras obligaciones en materia de protecci\u00f3n de datos, tiene derecho a presentar una reclamaci\u00f3n ante la Agencia Espa\u00f1ola de Protecci\u00f3n de Datos (www.aepd.es).<\/p>\r\n<p style=\"text-align: justify;\">\u00a0<\/p>\r\n<p style=\"text-align: justify;\">Por \u00faltimo, le recordamos que en caso de que nos proporcione datos relativos a otra persona f\u00edsica deber\u00e1, con car\u00e1cter previo a su inclusi\u00f3n, informarle de los extremos contenidos en la presente Pol\u00edtica.<\/p>\r\n<p style=\"text-align: justify;\">\u00a0<\/p>\r\n<p style=\"text-align: justify;\"><strong>ACTUALIZACI\u00d3N<\/strong><\/p>\r\n<p style=\"text-align: justify;\">\u00a0<\/p>\r\n<p style=\"text-align: justify;\">Esta Pol\u00edtica puede actualizarse peri\u00f3dicamente para reflejar cambios en nuestros tratamientos de datos personales. Publicaremos un aviso destacado en el Sitio para notificarle cualquier cambio significativo en nuestra Pol\u00edtica e indicaremos en la parte inferior de la Pol\u00edtica cu\u00e1ndo se actualiz\u00f3 por \u00faltima vez.<\/p>\r\n<p style=\"text-align: justify;\">\u00a0<\/p>\r\n<p style=\"text-align: justify;\">\u00daltima actualizaci\u00f3n: 21 de Octubre de 2024.<\/p>\r\n<p style=\"text-align: justify;\">\u00a9 2024 \u2013 EG ACTIVE COSMETICS\u2013 Prohibida su reproducci\u00f3n total o parcial. Reservados todos los derechos.<\/p>\r\n<\/div>\r\n<\/div>\r\n","protected":false},"excerpt":{"rendered":"","protected":false},"author":1,"featured_media":0,"parent":0,"menu_order":0,"comment_status":"closed","ping_status":"closed","template":"","meta":{"footnotes":""},"class_list":["post-1979","page","type-page","status-publish","hentry"],"yoast_head":"<!-- This site is optimized with the Yoast SEO plugin v26.6 - https:\/\/yoast.com\/wordpress\/plugins\/seo\/ -->\n<title>Privacy Policy - Ilos Cosmetics<\/title>\n<meta name=\"robots\" content=\"noindex, follow\" \/>\n<meta property=\"og:locale\" content=\"en_US\" \/>\n<meta property=\"og:type\" content=\"article\" \/>\n<meta property=\"og:title\" content=\"Privacy Policy - Ilos Cosmetics\" \/>\n<meta property=\"og:url\" content=\"https:\/\/iloscosmetics.com\/en\/privacy-policy\/\" \/>\n<meta property=\"og:site_name\" content=\"Ilos Cosmetics\" \/>\n<meta property=\"article:modified_time\" content=\"2024-10-21T08:31:24+00:00\" \/>\n<meta name=\"twitter:card\" content=\"summary_large_image\" \/>\n<meta name=\"twitter:label1\" content=\"Est. reading time\" \/>\n\t<meta name=\"twitter:data1\" content=\"6 minutes\" \/>\n<script type=\"application\/ld+json\" class=\"yoast-schema-graph\">{\"@context\":\"https:\/\/schema.org\",\"@graph\":[{\"@type\":\"WebPage\",\"@id\":\"https:\/\/iloscosmetics.com\/en\/privacy-policy\/\",\"url\":\"https:\/\/iloscosmetics.com\/en\/privacy-policy\/\",\"name\":\"Privacy Policy - Ilos Cosmetics\",\"isPartOf\":{\"@id\":\"https:\/\/iloscosmetics.com\/#website\"},\"datePublished\":\"2021-05-24T14:14:30+00:00\",\"dateModified\":\"2024-10-21T08:31:24+00:00\",\"breadcrumb\":{\"@id\":\"https:\/\/iloscosmetics.com\/en\/privacy-policy\/#breadcrumb\"},\"inLanguage\":\"en-US\",\"potentialAction\":[{\"@type\":\"ReadAction\",\"target\":[\"https:\/\/iloscosmetics.com\/en\/privacy-policy\/\"]}]},{\"@type\":\"BreadcrumbList\",\"@id\":\"https:\/\/iloscosmetics.com\/en\/privacy-policy\/#breadcrumb\",\"itemListElement\":[{\"@type\":\"ListItem\",\"position\":1,\"name\":\"Portada\",\"item\":\"https:\/\/iloscosmetics.com\/en\/\"},{\"@type\":\"ListItem\",\"position\":2,\"name\":\"Privacy Policy\"}]},{\"@type\":\"WebSite\",\"@id\":\"https:\/\/iloscosmetics.com\/#website\",\"url\":\"https:\/\/iloscosmetics.com\/\",\"name\":\"Ilos Cosmetics\",\"description\":\"\",\"potentialAction\":[{\"@type\":\"SearchAction\",\"target\":{\"@type\":\"EntryPoint\",\"urlTemplate\":\"https:\/\/iloscosmetics.com\/?s={search_term_string}\"},\"query-input\":{\"@type\":\"PropertyValueSpecification\",\"valueRequired\":true,\"valueName\":\"search_term_string\"}}],\"inLanguage\":\"en-US\"}]}<\/script>\n<!-- \/ Yoast SEO plugin. -->","yoast_head_json":{"title":"Privacy Policy - Ilos Cosmetics","robots":{"index":"noindex","follow":"follow"},"og_locale":"en_US","og_type":"article","og_title":"Privacy Policy - Ilos Cosmetics","og_url":"https:\/\/iloscosmetics.com\/en\/privacy-policy\/","og_site_name":"Ilos Cosmetics","article_modified_time":"2024-10-21T08:31:24+00:00","twitter_card":"summary_large_image","twitter_misc":{"Est. reading time":"6 minutes"},"schema":{"@context":"https:\/\/schema.org","@graph":[{"@type":"WebPage","@id":"https:\/\/iloscosmetics.com\/en\/privacy-policy\/","url":"https:\/\/iloscosmetics.com\/en\/privacy-policy\/","name":"Privacy Policy - Ilos Cosmetics","isPartOf":{"@id":"https:\/\/iloscosmetics.com\/#website"},"datePublished":"2021-05-24T14:14:30+00:00","dateModified":"2024-10-21T08:31:24+00:00","breadcrumb":{"@id":"https:\/\/iloscosmetics.com\/en\/privacy-policy\/#breadcrumb"},"inLanguage":"en-US","potentialAction":[{"@type":"ReadAction","target":["https:\/\/iloscosmetics.com\/en\/privacy-policy\/"]}]},{"@type":"BreadcrumbList","@id":"https:\/\/iloscosmetics.com\/en\/privacy-policy\/#breadcrumb","itemListElement":[{"@type":"ListItem","position":1,"name":"Portada","item":"https:\/\/iloscosmetics.com\/en\/"},{"@type":"ListItem","position":2,"name":"Privacy Policy"}]},{"@type":"WebSite","@id":"https:\/\/iloscosmetics.com\/#website","url":"https:\/\/iloscosmetics.com\/","name":"Ilos Cosmetics","description":"","potentialAction":[{"@type":"SearchAction","target":{"@type":"EntryPoint","urlTemplate":"https:\/\/iloscosmetics.com\/?s={search_term_string}"},"query-input":{"@type":"PropertyValueSpecification","valueRequired":true,"valueName":"search_term_string"}}],"inLanguage":"en-US"}]}},"_links":{"self":[{"href":"https:\/\/iloscosmetics.com\/en\/wp-json\/wp\/v2\/pages\/1979","targetHints":{"allow":["GET"]}}],"collection":[{"href":"https:\/\/iloscosmetics.com\/en\/wp-json\/wp\/v2\/pages"}],"about":[{"href":"https:\/\/iloscosmetics.com\/en\/wp-json\/wp\/v2\/types\/page"}],"author":[{"embeddable":true,"href":"https:\/\/iloscosmetics.com\/en\/wp-json\/wp\/v2\/users\/1"}],"replies":[{"embeddable":true,"href":"https:\/\/iloscosmetics.com\/en\/wp-json\/wp\/v2\/comments?post=1979"}],"version-history":[{"count":3,"href":"https:\/\/iloscosmetics.com\/en\/wp-json\/wp\/v2\/pages\/1979\/revisions"}],"predecessor-version":[{"id":14268,"href":"https:\/\/iloscosmetics.com\/en\/wp-json\/wp\/v2\/pages\/1979\/revisions\/14268"}],"wp:attachment":[{"href":"https:\/\/iloscosmetics.com\/en\/wp-json\/wp\/v2\/media?parent=1979"}],"curies":[{"name":"wp","href":"https:\/\/api.w.org\/{rel}","templated":true}]}}